{"id":162,"date":"2014-04-07T16:08:54","date_gmt":"2014-04-07T14:08:54","guid":{"rendered":"http:\/\/zweidesign.ch\/template\/_giulia\/?page_id=162"},"modified":"2016-10-17T16:23:30","modified_gmt":"2016-10-17T14:23:30","slug":"impressum","status":"publish","type":"page","link":"https:\/\/giulia-steingruber.ch\/de\/impressum\/","title":{"rendered":"Impressum"},"content":{"rendered":"<p><strong>Impressum<\/strong><\/p>\n<p><strong>Inhalt<\/strong><br \/>\nGiulia Steingruber<br \/>\nArvenstrasse 3<br \/>\nCH-9200 Gossau<br \/>\n<a href=\"mailto:info@giulia-steingruber.ch\">info@giulia-steingruber.ch<\/a><\/p>\n<p><strong>Konzeption\/Design<\/strong><br \/>\nTKF Kommunikation &amp;\u2028 Design<br \/>\nPF\/Feldlistrasse 31a<br \/>\nCH-9013 St. Gallen<br \/>\n+41 71 278 88 12<br \/>\n<a href=\"mailto:hello@t-k-f.ch\">hello@t-k-f.ch<\/a><br \/>\n<a href=\"http:\/\/www.t-k-f.ch\" target=\"_blank\">www.t-k-f.ch<\/a><\/p>\n<p><strong>Fotografie<\/strong><br \/>\nKilian Kessler<br \/>\nFlurstrasse 93<br \/>\nCH-8047 Z\u00fcrich<br \/>\n+41 79 243 66 18<br \/>\n<a href=\"mailto:mail@kiliankessler.ch\">mail@kiliankessler.ch<\/a><br \/>\n<a href=\"http:\/\/www.kiliankessler.ch\" target=\"_blank\">www.kiliankessler.ch<\/a><\/p>\n<p><strong>Programmierung<\/strong><br \/>\nzweidesign GmbH<br \/>\nFedererstrasse 23<br \/>\nCH-9008 St. Gallen<br \/>\n+41 79 458 11 81<br \/>\n<a href=\"mailto:thierry.hinder@zweidesign.ch\">thierry.hinder@zweidesign.ch<\/a><br \/>\n<a href=\"https:\/\/zweidesign.ch\" target=\"_blank\">www.zweidesign.ch<\/a><\/p>\n<p><strong>Sponsor-Management<\/strong><br \/>\nsportsemotion ag<br \/>\nKirchstrasse 27<br \/>\nCH-9400 Rorschach<br \/>\n+41 71 511 20 20<br \/>\n<a href=\"mailto:info@sportsemotion.ch\">info@sportsemotion.ch<\/a><br \/>\n<a href=\"http:\/\/www.sportsemotion.ch\" target=\"_blank\">www.sportsemotion.ch<\/a><\/p>\n<p><strong>Rechtliches<\/strong><\/p>\n<p><strong>Haftung<\/strong><br \/>\nObwohl Giulia Steingruber und ihre Mitverfasser mit aller Sorgfalt auf die Richtigkeit der ver\u00f6ffentlichten Informationen achten, kann hinsichtlich der inhaltlichen Richtigkeit, Genauigkeit, Aktualit\u00e4t, Zuverl\u00e4ssigkeit und Vollst\u00e4ndigkeit dieser Informationen keine Gew\u00e4hrleistung \u00fcbernommen werden.<br \/>\nDie Verfasser dieser Seite behalten sich ausdr\u00fccklich vor, jederzeit Inhalte ohne Ank\u00fcndigung ganz oder teilweise zu \u00e4ndern, zu l\u00f6schen oder zeitweise nicht zu ver\u00f6ffentlichen.<br \/>\nHaftungsanspr\u00fcche gegen Giulia Steingruber und andere Verfasser dieser Seite wegen Sch\u00e4den materieller oder immaterieller Art, welche aus dem Zugriff oder der Nutzung bzw. Nichtnutzung der ver\u00f6ffentlichten Informationen, durch Missbrauch der Verbindung oder durch technische St\u00f6rungen entstanden sind, werden ausgeschlossen.<\/p>\n<p><strong>Verweise und Links<\/strong><br \/>\nVerweise und Links auf Webseiten Dritter liegen ausserhalb unseres Verantwortungsbereichs. Der Zugriff und die Nutzung solcher Webseiten erfolgen auf eigene Gefahr des Nutzers oder der Nutzerin. Wir, Giulia Steingruber und andere Verfasser, erkl\u00e4ren ausdr\u00fccklich, dass wir leider keinerlei Einfluss auf die Gestaltung, den Inhalt und die Angebote der verkn\u00fcpften Seiten haben. Informationen und Dienstleistungen von verkn\u00fcpften Webseiten liegen vollumf\u00e4nglich in der Verantwortung des jeweiligen Dritten.<br \/>\nEs wird jegliche Verantwortung f\u00fcr solche Webseiten abgelehnt. Auch auf G\u00e4stebucheintr\u00e4ge kann keine Verantwortung \u00fcbernommen werden.<\/p>\n<p><strong>Datenschutz<\/strong><br \/>\nGest\u00fctzt auf Artikel 13 der schweizerischen Bundesverfassung und die datenschutzrechtlichen Bestimmungen des Bundes hat jede Person Anspruch auf Schutz ihrer Privatsph\u00e4re sowie auf Schutz vor Missbrauch ihrer pers\u00f6nlichen Daten. Aus diesem Grund behandeln wir pers\u00f6nliche Daten streng vertraulich und sie werden weder an Dritte verkauft noch weiter gegeben.<br \/>\nMit Ihrem Zugriff auf unsere Webseiten werden Informationen \u00fcber den Zugriff (Datum, Uhrzeit, betrachtete Seite) als Logdateien auf unserem Server gespeichert. Diese Daten werden von uns ausschliesslich f\u00fcr eigene, statistische Zwecke, in anonymisierter Form ausgewertet. Wenn Sie uns per Email kontaktieren, einen Kundenzugang beantragen, werden Ihre Email-Adresse und Ihre \u00fcbrigen pers\u00f6nlichen Daten nur f\u00fcr die individuelle Korrespondenz mit Ihnen verwendet. Wir garantieren Ihnen, dass Ihre Angaben ausschliesslich von uns genutzt, nicht weitergegeben und entsprechend den jeweils geltenden gesetzlichen Bestimmungen vertraulich behandelt werden.<\/p>\n<p><strong>Copyright<\/strong><br \/>\nDie auf den Websites von Giulia Steingruber enthaltenen Informationen sind \u00f6ffentlich zug\u00e4nglich. Durch das Herunterladen oder Kopieren von Inhalten, Bildern, Fotos oder anderen Dateien werden aber keinerlei Rechte bez\u00fcglich der Inhalte \u00fcbertragen.<br \/>\nDie Urheber- und alle anderen Rechte an Inhalten, Bildern, Fotos oder anderen Dateien auf den Websites von Giulia Steingruber geh\u00f6ren ausschliesslich diesen oder den speziell genannten Rechtsinhabern. F\u00fcr die Reproduktion jeglicher Elemente ist die schriftliche Zustimmung der Urheberrechtstr\u00e4ger im Voraus einzuholen.<\/p>","protected":false},"excerpt":{"rendered":"<p>Impressum Inhalt Giulia Steingruber Arvenstrasse 3 CH-9200 Gossau info@giulia-steingruber.ch Konzeption\/Design TKF Kommunikation &amp;\u2028 Design PF\/Feldlistrasse 31a CH-9013 St. Gallen +41 71 278 88 12 hello@t-k-f.ch www.t-k-f.ch Fotografie Kilian Kessler Flurstrasse 93 CH-8047 Z\u00fcrich +41 79 243 66 18 mail@kiliankessler.ch www.kiliankessler.ch Programmierung zweidesign GmbH Federerstrasse 23 CH-9008 St. Gallen +41 79 458 11 81 thierry.hinder@zweidesign.ch www.zweidesign.ch [&hellip;]<\/p>\n","protected":false},"author":1,"featured_media":0,"parent":0,"menu_order":9,"comment_status":"closed","ping_status":"closed","template":"","meta":[],"acf":[],"_links":{"self":[{"href":"https:\/\/giulia-steingruber.ch\/de\/wp-json\/wp\/v2\/pages\/162"}],"collection":[{"href":"https:\/\/giulia-steingruber.ch\/de\/wp-json\/wp\/v2\/pages"}],"about":[{"href":"https:\/\/giulia-steingruber.ch\/de\/wp-json\/wp\/v2\/types\/page"}],"author":[{"embeddable":true,"href":"https:\/\/giulia-steingruber.ch\/de\/wp-json\/wp\/v2\/users\/1"}],"replies":[{"embeddable":true,"href":"https:\/\/giulia-steingruber.ch\/de\/wp-json\/wp\/v2\/comments?post=162"}],"version-history":[{"count":48,"href":"https:\/\/giulia-steingruber.ch\/de\/wp-json\/wp\/v2\/pages\/162\/revisions"}],"predecessor-version":[{"id":1341,"href":"https:\/\/giulia-steingruber.ch\/de\/wp-json\/wp\/v2\/pages\/162\/revisions\/1341"}],"wp:attachment":[{"href":"https:\/\/giulia-steingruber.ch\/de\/wp-json\/wp\/v2\/media?parent=162"}],"curies":[{"name":"wp","href":"https:\/\/api.w.org\/{rel}","templated":true}]}}