{"id":8,"date":"2014-03-13T18:06:59","date_gmt":"2014-03-13T17:06:59","guid":{"rendered":"http:\/\/zweidesign.ch\/template\/_giulia\/?page_id=8"},"modified":"2021-05-11T08:14:44","modified_gmt":"2021-05-11T06:14:44","slug":"about","status":"publish","type":"page","link":"https:\/\/giulia-steingruber.ch\/de\/about\/","title":{"rendered":"About"},"content":{"rendered":"<p>Ich bin ehrgeizig und zielstrebig, manchmal aber auch stur und chaotisch. Mein Name ist <strong>Giulia Steingruber<\/strong> und ich wurde am 24. M\u00e4rz 1994 in Gossau geboren. Mit sieben Jahren entdeckte ich meine grosse Leidenschaft: das Kunstturnen. Mittlerweile trainiere ich mindestens 28 Stunden in der Woche und durfte mich schon \u00fcber einige Titel und Auszeichnungen freuen. K\u00fcrzlich wurde ich gefragt, warum ich nach dem Bronze-Gewinn an der Olympiade in Rio im 2016 nicht aufh\u00f6re. Die Antwort ist einfach: Weil ich \u00fcberzeugt bin, dass das letzte Kapitel meiner Karriere noch nicht geschrieben ist. Ich will noch h\u00f6her hinaus! Mein n\u00e4chstes Ziel sind die <strong>Olympischen Sommerspiele in Tokio im 2021<\/strong>. Jaa, mata ne!<\/p>","protected":false},"excerpt":{"rendered":"<p>Ich bin ehrgeizig und zielstrebig, manchmal aber auch stur und chaotisch. Mein Name ist Giulia Steingruber und ich wurde am 24. M\u00e4rz 1994 in Gossau geboren. Mit sieben Jahren entdeckte ich meine grosse Leidenschaft: das Kunstturnen. Mittlerweile trainiere ich mindestens 28 Stunden in der Woche und durfte mich schon \u00fcber einige Titel und Auszeichnungen freuen. [&hellip;]<\/p>\n","protected":false},"author":1,"featured_media":0,"parent":0,"menu_order":2,"comment_status":"closed","ping_status":"closed","template":"","meta":[],"acf":[],"_links":{"self":[{"href":"https:\/\/giulia-steingruber.ch\/de\/wp-json\/wp\/v2\/pages\/8"}],"collection":[{"href":"https:\/\/giulia-steingruber.ch\/de\/wp-json\/wp\/v2\/pages"}],"about":[{"href":"https:\/\/giulia-steingruber.ch\/de\/wp-json\/wp\/v2\/types\/page"}],"author":[{"embeddable":true,"href":"https:\/\/giulia-steingruber.ch\/de\/wp-json\/wp\/v2\/users\/1"}],"replies":[{"embeddable":true,"href":"https:\/\/giulia-steingruber.ch\/de\/wp-json\/wp\/v2\/comments?post=8"}],"version-history":[{"count":25,"href":"https:\/\/giulia-steingruber.ch\/de\/wp-json\/wp\/v2\/pages\/8\/revisions"}],"predecessor-version":[{"id":2014,"href":"https:\/\/giulia-steingruber.ch\/de\/wp-json\/wp\/v2\/pages\/8\/revisions\/2014"}],"wp:attachment":[{"href":"https:\/\/giulia-steingruber.ch\/de\/wp-json\/wp\/v2\/media?parent=8"}],"curies":[{"name":"wp","href":"https:\/\/api.w.org\/{rel}","templated":true}]}}